{"id":20,"date":"2015-12-01T15:02:14","date_gmt":"2015-12-01T14:02:14","guid":{"rendered":"http:\/\/ejhserver.neu.ejhserver.de\/?page_id=20"},"modified":"2015-12-01T15:12:51","modified_gmt":"2015-12-01T14:12:51","slug":"nutzungsbedingungen","status":"publish","type":"page","link":"https:\/\/www.ejhserver.de\/?page_id=20","title":{"rendered":"Nutzungsbedingungen"},"content":{"rendered":"<p>Nat\u00fcrlich sind f\u00fcr die Nutzung des Servers einige Richtlinien einzuhalten. Das sollte aber f\u00fcr jedes kirchliche Projekt \u00fcberhaupt kein Problem sein&#8230;<\/p>\n<p>Die Nutzungsbedingungen des <em>ejhServer<\/em>s gibt es hier zum Download: <a href=\"\/wp-content\/uploads\/2015\/12\/ejhserver_nutzungsbedingungen_0812.pdf\">ejhserver_nutzungsbedingungen_0812<\/a>.<\/p>\n","protected":false},"excerpt":{"rendered":"<p>Nat\u00fcrlich sind f\u00fcr die Nutzung des Servers einige Richtlinien einzuhalten. Das sollte aber f\u00fcr jedes kirchliche Projekt \u00fcberhaupt kein Problem sein&#8230; Die Nutzungsbedingungen des ejhServers gibt es hier zum Download: ejhserver_nutzungsbedingungen_0812.<\/p>\n","protected":false},"author":1,"featured_media":0,"parent":0,"menu_order":0,"comment_status":"closed","ping_status":"closed","template":"","meta":{"footnotes":""},"class_list":["post-20","page","type-page","status-publish","hentry"],"_links":{"self":[{"href":"https:\/\/www.ejhserver.de\/index.php?rest_route=\/wp\/v2\/pages\/20","targetHints":{"allow":["GET"]}}],"collection":[{"href":"https:\/\/www.ejhserver.de\/index.php?rest_route=\/wp\/v2\/pages"}],"about":[{"href":"https:\/\/www.ejhserver.de\/index.php?rest_route=\/wp\/v2\/types\/page"}],"author":[{"embeddable":true,"href":"https:\/\/www.ejhserver.de\/index.php?rest_route=\/wp\/v2\/users\/1"}],"replies":[{"embeddable":true,"href":"https:\/\/www.ejhserver.de\/index.php?rest_route=%2Fwp%2Fv2%2Fcomments&post=20"}],"version-history":[{"count":3,"href":"https:\/\/www.ejhserver.de\/index.php?rest_route=\/wp\/v2\/pages\/20\/revisions"}],"predecessor-version":[{"id":28,"href":"https:\/\/www.ejhserver.de\/index.php?rest_route=\/wp\/v2\/pages\/20\/revisions\/28"}],"wp:attachment":[{"href":"https:\/\/www.ejhserver.de\/index.php?rest_route=%2Fwp%2Fv2%2Fmedia&parent=20"}],"curies":[{"name":"wp","href":"https:\/\/api.w.org\/{rel}","templated":true}]}}