{"id":18,"date":"2015-12-01T15:00:29","date_gmt":"2015-12-01T14:00:29","guid":{"rendered":"http:\/\/ejhserver.neu.ejhserver.de\/?page_id=18"},"modified":"2015-12-01T15:00:29","modified_gmt":"2015-12-01T14:00:29","slug":"features","status":"publish","type":"page","link":"https:\/\/www.ejhserver.de\/?page_id=18","title":{"rendered":"Features"},"content":{"rendered":"<p>Das Angebot auf dem Webservers soll allen Gruppen einen g\u00fcnstigen Einstieg in die Webpr\u00e4sentation erm\u00f6glichen sowie gleichzeitig erfahrenen Webmastern umfangreiche technische M\u00f6glichkeiten bieten:<\/p>\n<ul>\n<li>Kostenlos f\u00fcr alle Gruppen der Evangelischen Jugend<\/li>\n<li>Keine Werbe-Einblendungen<\/li>\n<li>Ausreichend Speicherplatz: Webspace-Gr\u00f6\u00dfe nach Absprache<\/li>\n<li>Leistungsstarker Linux-Server<\/li>\n<li>Hohe Ausfallsicherheit durch professionelles Hosting<\/li>\n<li>Aktuelle Software<\/li>\n<li>Skripte m\u00f6glich: PHP, Perl, sonstige<\/li>\n<li>Datenbanken: mySQL<\/li>\n<li>Grafikprogramme: gd, ImageMagick<\/li>\n<li>Dynamische Seiten m\u00f6glich: Foren, Content-Management, Bildergalerien, \u2026<\/li>\n<li>Statistische Auswertung der Zugriffe<\/li>\n<li>Mailinglisten<\/li>\n<li>E-Mail-Services: beliebig viele Postf\u00e4cher<\/li>\n<li>und Weiterleitungen<\/li>\n<li>Webmail, Sieve-Filterung<\/li>\n<li>Spam-Filter und Virenschutz<\/li>\n<\/ul>\n","protected":false},"excerpt":{"rendered":"<p>Das Angebot auf dem Webservers soll allen Gruppen einen g\u00fcnstigen Einstieg in die Webpr\u00e4sentation erm\u00f6glichen sowie gleichzeitig erfahrenen Webmastern umfangreiche technische M\u00f6glichkeiten bieten: Kostenlos f\u00fcr alle Gruppen der Evangelischen Jugend Keine Werbe-Einblendungen Ausreichend Speicherplatz: Webspace-Gr\u00f6\u00dfe nach Absprache Leistungsstarker Linux-Server Hohe Ausfallsicherheit durch professionelles Hosting Aktuelle Software Skripte m\u00f6glich: PHP, Perl,&hellip; <\/p>\n","protected":false},"author":1,"featured_media":0,"parent":0,"menu_order":0,"comment_status":"closed","ping_status":"closed","template":"","meta":{"footnotes":""},"class_list":["post-18","page","type-page","status-publish","hentry"],"_links":{"self":[{"href":"https:\/\/www.ejhserver.de\/index.php?rest_route=\/wp\/v2\/pages\/18","targetHints":{"allow":["GET"]}}],"collection":[{"href":"https:\/\/www.ejhserver.de\/index.php?rest_route=\/wp\/v2\/pages"}],"about":[{"href":"https:\/\/www.ejhserver.de\/index.php?rest_route=\/wp\/v2\/types\/page"}],"author":[{"embeddable":true,"href":"https:\/\/www.ejhserver.de\/index.php?rest_route=\/wp\/v2\/users\/1"}],"replies":[{"embeddable":true,"href":"https:\/\/www.ejhserver.de\/index.php?rest_route=%2Fwp%2Fv2%2Fcomments&post=18"}],"version-history":[{"count":1,"href":"https:\/\/www.ejhserver.de\/index.php?rest_route=\/wp\/v2\/pages\/18\/revisions"}],"predecessor-version":[{"id":19,"href":"https:\/\/www.ejhserver.de\/index.php?rest_route=\/wp\/v2\/pages\/18\/revisions\/19"}],"wp:attachment":[{"href":"https:\/\/www.ejhserver.de\/index.php?rest_route=%2Fwp%2Fv2%2Fmedia&parent=18"}],"curies":[{"name":"wp","href":"https:\/\/api.w.org\/{rel}","templated":true}]}}